{"id":6609,"date":"2024-05-17T11:32:26","date_gmt":"2024-05-17T08:32:26","guid":{"rendered":"https:\/\/work.astr.ro\/?page_id=6609"},"modified":"2024-05-17T11:32:26","modified_gmt":"2024-05-17T08:32:26","slug":"in-problemele-specifice-industriei-2","status":"publish","type":"page","link":"https:\/\/old.astr.ro\/en\/in-problemele-specifice-industriei-2\/","title":{"rendered":"\u00een cercetare"},"content":{"rendered":"<div class=\"wpb-content-wrapper\"><div id=\"tdi_1\" class=\"tdc-row\"><div class=\"vc_row tdi_2  wpb_row td-pb-row\" >\n<style scoped>\n\/* custom css - generated by TagDiv Composer *\/\n\n\/* custom css - generated by TagDiv Composer *\/\n.tdi_2,\r\n                .tdi_2 .tdc-columns{\r\n                    min-height: 0;\r\n                }.tdi_2,\r\n\t\t\t\t.tdi_2 .tdc-columns{\r\n\t\t\t\t    display: block;\r\n\t\t\t\t}.tdi_2 .tdc-columns{\r\n\t\t\t\t    width: 100%;\r\n\t\t\t\t}.tdi_2:before,\r\n\t\t\t\t.tdi_2:after{\r\n\t\t\t\t    display: table;\r\n\t\t\t\t}\n<\/style><div class=\"vc_column tdi_4  wpb_column vc_column_container tdc-column td-pb-span12\">\n<style scoped>\n\/* custom css - generated by TagDiv Composer *\/\n\n\/* custom css - generated by TagDiv Composer *\/\n.tdi_4{\r\n                    vertical-align: baseline;\r\n                }.tdi_4 > .wpb_wrapper,\r\n\t\t\t\t.tdi_4 > .wpb_wrapper > .tdc-elements{\r\n\t\t\t\t    display: block;\r\n\t\t\t\t}.tdi_4 > .wpb_wrapper > .tdc-elements{\r\n\t\t\t\t    width: 100%;\r\n\t\t\t\t}.tdi_4 > .wpb_wrapper > .vc_row_inner{\r\n\t\t\t\t    width: auto;\r\n\t\t\t\t}.tdi_4 > .wpb_wrapper{\r\n\t\t\t\t    width: auto;\r\n\t\t\t\t    height: auto;\r\n\t\t\t\t}\n<\/style><div class=\"wpb_wrapper\" >\n\t<div class=\"wpb_text_column wpb_content_element\" >\n\t\t<div class=\"wpb_wrapper\">\n\t\t\t<p><strong>Implicarea ASTR \u0129n cercetare<\/strong><\/p>\n<p>&#8211; ASTR este membru cu drept de vot \u0129n<strong> Comitetul Na\u021bional pentru \u0218tiin\u021b\u0103, Tehnologie \u1e63i Inovare (<\/strong>Ordonan\u021ba de Urgen\u021b\u0103 a Guvernului nr.43\/2023 pentru modificarea \u1e63i completarea Ordonan\u021bei Guvernului nr. 57\/2002)\u00a0;<\/p>\n<p>&#8211; \u020an anul 2016 a fost lansat\u0103 revista academiei \u2013 <a href=\"http:\/\/jesi.astr.ro\"><strong>Journal of Engineering Sciences and Innovation ( JESI)<\/strong><\/a><\/p>\n<p>&#8211; Conferin\u021bele anuale \u00ab<em>Zilele ASTR<\/em>\u00bb care stimuleaz\u0103 cercetarea \u1e63i inova\u021bia \u0129n toate capitolele (domeniile) ingineriei; <a href=\"https:\/\/work.astr.ro\/category\/conferintele-academiei\/conferinte-organizate-de-astr-conferintele-academiei\/\"><em>Conferin\u021bele ASTR<\/em><\/a><\/p>\n<p>&#8211; Discursurile de recep\u021bie ale membrilor titulari, pun \u0129n eviden\u021b\u0103 contribu\u021bia acestora \u0129n cercetarea inginereasc\u0103, \u0129n proiectare \u1e63i fabricare.<\/p>\n<p><img loading=\"lazy\" decoding=\"async\" class=\"alignnone size-medium wp-image-6610\" src=\"https:\/\/work.astr.ro\/wp-content\/uploads\/2024\/05\/worldpretroleum-congress-231x300.jpg\" alt=\"\" width=\"231\" height=\"300\" srcset=\"https:\/\/old.astr.ro\/wp-content\/uploads\/2024\/05\/worldpretroleum-congress-231x300.jpg 231w, https:\/\/old.astr.ro\/wp-content\/uploads\/2024\/05\/worldpretroleum-congress-788x1024.jpg 788w, https:\/\/old.astr.ro\/wp-content\/uploads\/2024\/05\/worldpretroleum-congress-768x998.jpg 768w, https:\/\/old.astr.ro\/wp-content\/uploads\/2024\/05\/worldpretroleum-congress-1182x1536.jpg 1182w, https:\/\/old.astr.ro\/wp-content\/uploads\/2024\/05\/worldpretroleum-congress-9x12.jpg 9w, https:\/\/old.astr.ro\/wp-content\/uploads\/2024\/05\/worldpretroleum-congress-696x905.jpg 696w, https:\/\/old.astr.ro\/wp-content\/uploads\/2024\/05\/worldpretroleum-congress-1068x1388.jpg 1068w, https:\/\/old.astr.ro\/wp-content\/uploads\/2024\/05\/worldpretroleum-congress-323x420.jpg 323w, https:\/\/old.astr.ro\/wp-content\/uploads\/2024\/05\/worldpretroleum-congress.jpg 1477w\" sizes=\"auto, (max-width: 231px) 100vw, 231px\" \/><img loading=\"lazy\" decoding=\"async\" class=\"alignnone size-medium wp-image-6611\" src=\"https:\/\/work.astr.ro\/wp-content\/uploads\/2024\/05\/Zilele-ASTR-2022-213x300.jpg\" alt=\"\" width=\"213\" height=\"300\" srcset=\"https:\/\/old.astr.ro\/wp-content\/uploads\/2024\/05\/Zilele-ASTR-2022-213x300.jpg 213w, https:\/\/old.astr.ro\/wp-content\/uploads\/2024\/05\/Zilele-ASTR-2022-9x12.jpg 9w, https:\/\/old.astr.ro\/wp-content\/uploads\/2024\/05\/Zilele-ASTR-2022-298x420.jpg 298w, https:\/\/old.astr.ro\/wp-content\/uploads\/2024\/05\/Zilele-ASTR-2022.jpg 600w\" sizes=\"auto, (max-width: 213px) 100vw, 213px\" \/><\/p>\n\n\t\t<\/div>\n\t<\/div>\n<\/div><\/div><\/div><\/div><\/div>","protected":false},"excerpt":{"rendered":"Implicarea ASTR \u0129n cercetare - ASTR este membru cu drept de vot \u0129n Comitetul Na\u021bional pentru \u0218tiin\u021b\u0103, Tehnologie \u1e63i Inovare (Ordonan\u021ba de Urgen\u021b\u0103 a Guvernului nr.43\/2023 pentru modificarea \u1e63i completarea Ordonan\u021bei Guvernului nr. 57\/2002)\u00a0; - \u020an anul 2016 a fost lansat\u0103 revista academiei \u2013 Journal of Engineering Sciences and Innovation ( JESI) - Conferin\u021bele anuale [...]","protected":false},"author":8,"featured_media":0,"parent":0,"menu_order":0,"comment_status":"closed","ping_status":"closed","template":"","meta":{"footnotes":""},"class_list":["post-6609","page","type-page","status-publish"],"yoast_head":"<!-- This site is optimized with the Yoast SEO Premium plugin v20.7 (Yoast SEO v27.5) - https:\/\/yoast.com\/product\/yoast-seo-premium-wordpress\/ -->\n<title>\u00een cercetare - astr<\/title>\n<meta name=\"robots\" content=\"index, follow, max-snippet:-1, max-image-preview:large, max-video-preview:-1\" \/>\n<link rel=\"canonical\" href=\"https:\/\/work.astr.ro\/in-problemele-specifice-industriei-2\/\" \/>\n<meta property=\"og:locale\" content=\"en_US\" \/>\n<meta property=\"og:type\" content=\"article\" \/>\n<meta property=\"og:title\" content=\"\u00een cercetare\" \/>\n<meta property=\"og:url\" content=\"https:\/\/work.astr.ro\/in-problemele-specifice-industriei-2\/\" \/>\n<meta property=\"og:site_name\" content=\"astr\" \/>\n<meta property=\"og:image\" content=\"https:\/\/work.astr.ro\/wp-content\/uploads\/2024\/05\/worldpretroleum-congress-231x300.jpg\" \/>\n<meta name=\"twitter:card\" content=\"summary_large_image\" \/>\n<meta name=\"twitter:label1\" content=\"Est. reading time\" \/>\n\t<meta name=\"twitter:data1\" content=\"2 minutes\" \/>\n<script type=\"application\/ld+json\" class=\"yoast-schema-graph\">{\"@context\":\"https:\\\/\\\/schema.org\",\"@graph\":[{\"@type\":\"WebPage\",\"@id\":\"https:\\\/\\\/work.astr.ro\\\/in-problemele-specifice-industriei-2\\\/\",\"url\":\"https:\\\/\\\/work.astr.ro\\\/in-problemele-specifice-industriei-2\\\/\",\"name\":\"\u00een cercetare - astr\",\"isPartOf\":{\"@id\":\"https:\\\/\\\/work.astr.ro\\\/#website\"},\"primaryImageOfPage\":{\"@id\":\"https:\\\/\\\/work.astr.ro\\\/in-problemele-specifice-industriei-2\\\/#primaryimage\"},\"image\":{\"@id\":\"https:\\\/\\\/work.astr.ro\\\/in-problemele-specifice-industriei-2\\\/#primaryimage\"},\"thumbnailUrl\":\"https:\\\/\\\/work.astr.ro\\\/wp-content\\\/uploads\\\/2024\\\/05\\\/worldpretroleum-congress-231x300.jpg\",\"datePublished\":\"2024-05-17T08:32:26+00:00\",\"breadcrumb\":{\"@id\":\"https:\\\/\\\/work.astr.ro\\\/in-problemele-specifice-industriei-2\\\/#breadcrumb\"},\"inLanguage\":\"en-US\",\"potentialAction\":[{\"@type\":\"ReadAction\",\"target\":[\"https:\\\/\\\/work.astr.ro\\\/in-problemele-specifice-industriei-2\\\/\"]}]},{\"@type\":\"ImageObject\",\"inLanguage\":\"en-US\",\"@id\":\"https:\\\/\\\/work.astr.ro\\\/in-problemele-specifice-industriei-2\\\/#primaryimage\",\"url\":\"https:\\\/\\\/work.astr.ro\\\/wp-content\\\/uploads\\\/2024\\\/05\\\/worldpretroleum-congress-231x300.jpg\",\"contentUrl\":\"https:\\\/\\\/work.astr.ro\\\/wp-content\\\/uploads\\\/2024\\\/05\\\/worldpretroleum-congress-231x300.jpg\"},{\"@type\":\"BreadcrumbList\",\"@id\":\"https:\\\/\\\/work.astr.ro\\\/in-problemele-specifice-industriei-2\\\/#breadcrumb\",\"itemListElement\":[{\"@type\":\"ListItem\",\"position\":1,\"name\":\"Home\",\"item\":\"https:\\\/\\\/old.astr.ro\\\/\"},{\"@type\":\"ListItem\",\"position\":2,\"name\":\"\u00een cercetare\"}]},{\"@type\":\"WebSite\",\"@id\":\"https:\\\/\\\/work.astr.ro\\\/#website\",\"url\":\"https:\\\/\\\/work.astr.ro\\\/\",\"name\":\"astr\",\"description\":\"\",\"potentialAction\":[{\"@type\":\"SearchAction\",\"target\":{\"@type\":\"EntryPoint\",\"urlTemplate\":\"https:\\\/\\\/work.astr.ro\\\/?s={search_term_string}\"},\"query-input\":{\"@type\":\"PropertyValueSpecification\",\"valueRequired\":true,\"valueName\":\"search_term_string\"}}],\"inLanguage\":\"en-US\"}]}<\/script>\n<!-- \/ Yoast SEO Premium plugin. -->","yoast_head_json":{"title":"\u00een cercetare - astr","robots":{"index":"index","follow":"follow","max-snippet":"max-snippet:-1","max-image-preview":"max-image-preview:large","max-video-preview":"max-video-preview:-1"},"canonical":"https:\/\/work.astr.ro\/in-problemele-specifice-industriei-2\/","og_locale":"en_US","og_type":"article","og_title":"\u00een cercetare","og_url":"https:\/\/work.astr.ro\/in-problemele-specifice-industriei-2\/","og_site_name":"astr","og_image":[{"url":"https:\/\/work.astr.ro\/wp-content\/uploads\/2024\/05\/worldpretroleum-congress-231x300.jpg","type":"","width":"","height":""}],"twitter_card":"summary_large_image","twitter_misc":{"Est. reading time":"2 minutes"},"schema":{"@context":"https:\/\/schema.org","@graph":[{"@type":"WebPage","@id":"https:\/\/work.astr.ro\/in-problemele-specifice-industriei-2\/","url":"https:\/\/work.astr.ro\/in-problemele-specifice-industriei-2\/","name":"\u00een cercetare - astr","isPartOf":{"@id":"https:\/\/work.astr.ro\/#website"},"primaryImageOfPage":{"@id":"https:\/\/work.astr.ro\/in-problemele-specifice-industriei-2\/#primaryimage"},"image":{"@id":"https:\/\/work.astr.ro\/in-problemele-specifice-industriei-2\/#primaryimage"},"thumbnailUrl":"https:\/\/work.astr.ro\/wp-content\/uploads\/2024\/05\/worldpretroleum-congress-231x300.jpg","datePublished":"2024-05-17T08:32:26+00:00","breadcrumb":{"@id":"https:\/\/work.astr.ro\/in-problemele-specifice-industriei-2\/#breadcrumb"},"inLanguage":"en-US","potentialAction":[{"@type":"ReadAction","target":["https:\/\/work.astr.ro\/in-problemele-specifice-industriei-2\/"]}]},{"@type":"ImageObject","inLanguage":"en-US","@id":"https:\/\/work.astr.ro\/in-problemele-specifice-industriei-2\/#primaryimage","url":"https:\/\/work.astr.ro\/wp-content\/uploads\/2024\/05\/worldpretroleum-congress-231x300.jpg","contentUrl":"https:\/\/work.astr.ro\/wp-content\/uploads\/2024\/05\/worldpretroleum-congress-231x300.jpg"},{"@type":"BreadcrumbList","@id":"https:\/\/work.astr.ro\/in-problemele-specifice-industriei-2\/#breadcrumb","itemListElement":[{"@type":"ListItem","position":1,"name":"Home","item":"https:\/\/old.astr.ro\/"},{"@type":"ListItem","position":2,"name":"\u00een cercetare"}]},{"@type":"WebSite","@id":"https:\/\/work.astr.ro\/#website","url":"https:\/\/work.astr.ro\/","name":"astr","description":"","potentialAction":[{"@type":"SearchAction","target":{"@type":"EntryPoint","urlTemplate":"https:\/\/work.astr.ro\/?s={search_term_string}"},"query-input":{"@type":"PropertyValueSpecification","valueRequired":true,"valueName":"search_term_string"}}],"inLanguage":"en-US"}]}},"_links":{"self":[{"href":"https:\/\/old.astr.ro\/en\/wp-json\/wp\/v2\/pages\/6609","targetHints":{"allow":["GET"]}}],"collection":[{"href":"https:\/\/old.astr.ro\/en\/wp-json\/wp\/v2\/pages"}],"about":[{"href":"https:\/\/old.astr.ro\/en\/wp-json\/wp\/v2\/types\/page"}],"author":[{"embeddable":true,"href":"https:\/\/old.astr.ro\/en\/wp-json\/wp\/v2\/users\/8"}],"replies":[{"embeddable":true,"href":"https:\/\/old.astr.ro\/en\/wp-json\/wp\/v2\/comments?post=6609"}],"version-history":[{"count":1,"href":"https:\/\/old.astr.ro\/en\/wp-json\/wp\/v2\/pages\/6609\/revisions"}],"predecessor-version":[{"id":6612,"href":"https:\/\/old.astr.ro\/en\/wp-json\/wp\/v2\/pages\/6609\/revisions\/6612"}],"wp:attachment":[{"href":"https:\/\/old.astr.ro\/en\/wp-json\/wp\/v2\/media?parent=6609"}],"curies":[{"name":"wp","href":"https:\/\/api.w.org\/{rel}","templated":true}]}}