{"id":6606,"date":"2024-05-17T11:27:29","date_gmt":"2024-05-17T08:27:29","guid":{"rendered":"https:\/\/work.astr.ro\/?page_id=6606"},"modified":"2024-05-17T11:35:58","modified_gmt":"2024-05-17T08:35:58","slug":"in-problemele-specifice-industriei","status":"publish","type":"page","link":"https:\/\/old.astr.ro\/en\/in-problemele-specifice-industriei\/","title":{"rendered":"\u00een problemele specifice industriei"},"content":{"rendered":"<div class=\"wpb-content-wrapper\"><div id=\"tdi_1\" class=\"tdc-row\"><div class=\"vc_row tdi_2  wpb_row td-pb-row\" >\n<style scoped>\n\/* custom css - generated by TagDiv Composer *\/\n\n\/* custom css - generated by TagDiv Composer *\/\n.tdi_2,\r\n                .tdi_2 .tdc-columns{\r\n                    min-height: 0;\r\n                }.tdi_2,\r\n\t\t\t\t.tdi_2 .tdc-columns{\r\n\t\t\t\t    display: block;\r\n\t\t\t\t}.tdi_2 .tdc-columns{\r\n\t\t\t\t    width: 100%;\r\n\t\t\t\t}.tdi_2:before,\r\n\t\t\t\t.tdi_2:after{\r\n\t\t\t\t    display: table;\r\n\t\t\t\t}\n<\/style><div class=\"vc_column tdi_4  wpb_column vc_column_container tdc-column td-pb-span12\">\n<style scoped>\n\/* custom css - generated by TagDiv Composer *\/\n\n\/* custom css - generated by TagDiv Composer *\/\n.tdi_4{\r\n                    vertical-align: baseline;\r\n                }.tdi_4 > .wpb_wrapper,\r\n\t\t\t\t.tdi_4 > .wpb_wrapper > .tdc-elements{\r\n\t\t\t\t    display: block;\r\n\t\t\t\t}.tdi_4 > .wpb_wrapper > .tdc-elements{\r\n\t\t\t\t    width: 100%;\r\n\t\t\t\t}.tdi_4 > .wpb_wrapper > .vc_row_inner{\r\n\t\t\t\t    width: auto;\r\n\t\t\t\t}.tdi_4 > .wpb_wrapper{\r\n\t\t\t\t    width: auto;\r\n\t\t\t\t    height: auto;\r\n\t\t\t\t}\n<\/style><div class=\"wpb_wrapper\" >\n\t<div class=\"wpb_text_column wpb_content_element\" >\n\t\t<div class=\"wpb_wrapper\">\n\t\t\t<p><strong>Implicarea ASTR \u0129n industrie<\/strong><\/p>\n<p>-ASTR a transmis Guvernului puncte de vedere cu privire la\u00a0:<\/p>\n<p>&#8211; OLTCHIM \u1e63i Compania Rom\u00e2n\u0103 de Chimie\u00a0;<\/p>\n<p>&#8211; complexul Rafin\u0103rie \u2013 Petrochimie ARPECHIM \u0129n vederea prelu\u0103rii pachetului de ac\u021biuni majoritar de c\u0103tre stat.<\/p>\n<p>&#8211; a ini\u021biat \u1e63i au fost publicate 10 volume sub titlul generic\u00a0\u00ab\u00a0<em>Pagini din istoria dezvolt\u0103rii industriei Rom\u00e2niei, coordonator, Valeriu V. Jinescu<\/em> \u00bb (<a href=\"https:\/\/work.astr.ro\/despre-noi\/\"><em>Despre noi<\/em><\/a>)<\/p>\n<p>\u00cen\u00a0leg\u0103tur\u0103 cu reindustrializarea \u0219i restructurarea industriei, membrii ASTR au publicat c\u0103r\u021bile:<\/p>\n<p><em>1<\/em>&#8211; Gheorghe Iv\u0103nu\u0219, Constantin Roibu,\u00ab<em>Strategia de restructurare a industriei petrochimice<\/em>\u00bb, Editura AGIR, Bucure\u0219ti, 2009;<\/p>\n<p><em>2<\/em>&#8211; Gheorghe Iv\u0103nu\u0219 (coordonator) , \u00ab<em>Carteaalb\u0103 a reindustrializ\u0103rii. Industriachimic\u0103, petrochimic\u0103\u0219i de petrol\u00bb<\/em>, Editura AGIR, Bucure\u0219ti,2018;<\/p>\n<p><em>3<\/em>&#8211;\u00a0\u00a0 \u00ab<em>Tranzi\u021bia energetic\u0103 2050. Pozi\u021bia Academiei de \u0218tiin\u021be Tehnice din Rom\u00e2nia fa\u021b\u0103 de strategia dezvolt\u0103rii energeticii na\u021bionale \u00een perioada 2020 \u2013 2050\u00bb<\/em><\/p>\n<p>Seria \u201eStudiile ASTR\u201d, Prof. dr. ing. Florin Teodor T\u0103n\u0103sescu (coordonator), Prof. dr. ing. Nicolae Golovanov, Prof. dr. ing. Mircea Eremia, Prof. dr. ing. Sorin Coatu, Prof. dr. ing. Nicolae Vasiliu, Prof. dr. ing. Virgil Mu\u0219atescu, Dr. ing. C\u0103t\u0103lin Chimirel, Dr. ing. Corneliu Dica, Editura AGIR, Bucure\u0219ti, 2022;<\/p>\n<p><em>4<\/em>&#8211;\u00a0 \u00ab<em>Viitorul c\u0103rbunelui \u00een Rom\u00e2nia\u00bb,<\/em>Seria \u201eStudiile ASTR\u201d, Prof. dr. ing. Nicolae Ilia\u0219 (coordonator), Prof. dr. ing. Dumitru Fodor, \u0218ef lucr\u0103ri asoc. dr. ing. Iulian Offenberg, Prof. dr. ing.Sorin Mihai Radu, Prof. dr. ing.Iosif Andra\u0219, Editura AGIR, Bucure\u0219ti, 2022;<\/p>\n\n\t\t<\/div>\n\t<\/div>\n<\/div><\/div><\/div><\/div><\/div>","protected":false},"excerpt":{"rendered":"Implicarea ASTR \u0129n industrie -ASTR a transmis Guvernului puncte de vedere cu privire la\u00a0: - OLTCHIM \u1e63i Compania Rom\u00e2n\u0103 de Chimie\u00a0; - complexul Rafin\u0103rie \u2013 Petrochimie ARPECHIM \u0129n vederea prelu\u0103rii pachetului de ac\u021biuni majoritar de c\u0103tre stat. - a ini\u021biat \u1e63i au fost publicate 10 volume sub titlul generic\u00a0\u00ab\u00a0Pagini din istoria dezvolt\u0103rii industriei Rom\u00e2niei, coordonator, [...]","protected":false},"author":8,"featured_media":0,"parent":0,"menu_order":0,"comment_status":"closed","ping_status":"closed","template":"","meta":{"footnotes":""},"class_list":["post-6606","page","type-page","status-publish"],"yoast_head":"<!-- This site is optimized with the Yoast SEO Premium plugin v20.7 (Yoast SEO v27.5) - https:\/\/yoast.com\/product\/yoast-seo-premium-wordpress\/ -->\n<title>\u00een problemele specifice industriei - astr<\/title>\n<meta name=\"robots\" content=\"index, follow, max-snippet:-1, max-image-preview:large, max-video-preview:-1\" \/>\n<link rel=\"canonical\" href=\"https:\/\/work.astr.ro\/in-problemele-specifice-industriei\/\" \/>\n<meta property=\"og:locale\" content=\"en_US\" \/>\n<meta property=\"og:type\" content=\"article\" \/>\n<meta property=\"og:title\" content=\"\u00een problemele specifice industriei\" \/>\n<meta property=\"og:url\" content=\"https:\/\/work.astr.ro\/in-problemele-specifice-industriei\/\" \/>\n<meta property=\"og:site_name\" content=\"astr\" \/>\n<meta property=\"article:modified_time\" content=\"2024-05-17T08:35:58+00:00\" \/>\n<meta name=\"twitter:card\" content=\"summary_large_image\" \/>\n<meta name=\"twitter:label1\" content=\"Est. reading time\" \/>\n\t<meta name=\"twitter:data1\" content=\"2 minutes\" \/>\n<script type=\"application\/ld+json\" class=\"yoast-schema-graph\">{\"@context\":\"https:\\\/\\\/schema.org\",\"@graph\":[{\"@type\":\"WebPage\",\"@id\":\"https:\\\/\\\/work.astr.ro\\\/in-problemele-specifice-industriei\\\/\",\"url\":\"https:\\\/\\\/work.astr.ro\\\/in-problemele-specifice-industriei\\\/\",\"name\":\"\u00een problemele specifice industriei - astr\",\"isPartOf\":{\"@id\":\"https:\\\/\\\/work.astr.ro\\\/#website\"},\"datePublished\":\"2024-05-17T08:27:29+00:00\",\"dateModified\":\"2024-05-17T08:35:58+00:00\",\"breadcrumb\":{\"@id\":\"https:\\\/\\\/work.astr.ro\\\/in-problemele-specifice-industriei\\\/#breadcrumb\"},\"inLanguage\":\"en-US\",\"potentialAction\":[{\"@type\":\"ReadAction\",\"target\":[\"https:\\\/\\\/work.astr.ro\\\/in-problemele-specifice-industriei\\\/\"]}]},{\"@type\":\"BreadcrumbList\",\"@id\":\"https:\\\/\\\/work.astr.ro\\\/in-problemele-specifice-industriei\\\/#breadcrumb\",\"itemListElement\":[{\"@type\":\"ListItem\",\"position\":1,\"name\":\"Home\",\"item\":\"https:\\\/\\\/old.astr.ro\\\/\"},{\"@type\":\"ListItem\",\"position\":2,\"name\":\"\u00een problemele specifice industriei\"}]},{\"@type\":\"WebSite\",\"@id\":\"https:\\\/\\\/work.astr.ro\\\/#website\",\"url\":\"https:\\\/\\\/work.astr.ro\\\/\",\"name\":\"astr\",\"description\":\"\",\"potentialAction\":[{\"@type\":\"SearchAction\",\"target\":{\"@type\":\"EntryPoint\",\"urlTemplate\":\"https:\\\/\\\/work.astr.ro\\\/?s={search_term_string}\"},\"query-input\":{\"@type\":\"PropertyValueSpecification\",\"valueRequired\":true,\"valueName\":\"search_term_string\"}}],\"inLanguage\":\"en-US\"}]}<\/script>\n<!-- \/ Yoast SEO Premium plugin. -->","yoast_head_json":{"title":"\u00een problemele specifice industriei - astr","robots":{"index":"index","follow":"follow","max-snippet":"max-snippet:-1","max-image-preview":"max-image-preview:large","max-video-preview":"max-video-preview:-1"},"canonical":"https:\/\/work.astr.ro\/in-problemele-specifice-industriei\/","og_locale":"en_US","og_type":"article","og_title":"\u00een problemele specifice industriei","og_url":"https:\/\/work.astr.ro\/in-problemele-specifice-industriei\/","og_site_name":"astr","article_modified_time":"2024-05-17T08:35:58+00:00","twitter_card":"summary_large_image","twitter_misc":{"Est. reading time":"2 minutes"},"schema":{"@context":"https:\/\/schema.org","@graph":[{"@type":"WebPage","@id":"https:\/\/work.astr.ro\/in-problemele-specifice-industriei\/","url":"https:\/\/work.astr.ro\/in-problemele-specifice-industriei\/","name":"\u00een problemele specifice industriei - astr","isPartOf":{"@id":"https:\/\/work.astr.ro\/#website"},"datePublished":"2024-05-17T08:27:29+00:00","dateModified":"2024-05-17T08:35:58+00:00","breadcrumb":{"@id":"https:\/\/work.astr.ro\/in-problemele-specifice-industriei\/#breadcrumb"},"inLanguage":"en-US","potentialAction":[{"@type":"ReadAction","target":["https:\/\/work.astr.ro\/in-problemele-specifice-industriei\/"]}]},{"@type":"BreadcrumbList","@id":"https:\/\/work.astr.ro\/in-problemele-specifice-industriei\/#breadcrumb","itemListElement":[{"@type":"ListItem","position":1,"name":"Home","item":"https:\/\/old.astr.ro\/"},{"@type":"ListItem","position":2,"name":"\u00een problemele specifice industriei"}]},{"@type":"WebSite","@id":"https:\/\/work.astr.ro\/#website","url":"https:\/\/work.astr.ro\/","name":"astr","description":"","potentialAction":[{"@type":"SearchAction","target":{"@type":"EntryPoint","urlTemplate":"https:\/\/work.astr.ro\/?s={search_term_string}"},"query-input":{"@type":"PropertyValueSpecification","valueRequired":true,"valueName":"search_term_string"}}],"inLanguage":"en-US"}]}},"_links":{"self":[{"href":"https:\/\/old.astr.ro\/en\/wp-json\/wp\/v2\/pages\/6606","targetHints":{"allow":["GET"]}}],"collection":[{"href":"https:\/\/old.astr.ro\/en\/wp-json\/wp\/v2\/pages"}],"about":[{"href":"https:\/\/old.astr.ro\/en\/wp-json\/wp\/v2\/types\/page"}],"author":[{"embeddable":true,"href":"https:\/\/old.astr.ro\/en\/wp-json\/wp\/v2\/users\/8"}],"replies":[{"embeddable":true,"href":"https:\/\/old.astr.ro\/en\/wp-json\/wp\/v2\/comments?post=6606"}],"version-history":[{"count":2,"href":"https:\/\/old.astr.ro\/en\/wp-json\/wp\/v2\/pages\/6606\/revisions"}],"predecessor-version":[{"id":6614,"href":"https:\/\/old.astr.ro\/en\/wp-json\/wp\/v2\/pages\/6606\/revisions\/6614"}],"wp:attachment":[{"href":"https:\/\/old.astr.ro\/en\/wp-json\/wp\/v2\/media?parent=6606"}],"curies":[{"name":"wp","href":"https:\/\/api.w.org\/{rel}","templated":true}]}}