{"id":6388,"date":"2024-02-13T16:00:59","date_gmt":"2024-02-13T14:00:59","guid":{"rendered":"https:\/\/work.astr.ro\/?page_id=6388"},"modified":"2024-10-14T11:39:39","modified_gmt":"2024-10-14T08:39:39","slug":"denumirile-premiilor-pe-sectii","status":"publish","type":"page","link":"https:\/\/old.astr.ro\/en\/denumirile-premiilor-pe-sectii\/","title":{"rendered":"Denumirile premiilor pe sec\u021bii"},"content":{"rendered":"<div class=\"wpb-content-wrapper\"><div id=\"tdi_1\" class=\"tdc-row\"><div class=\"vc_row tdi_2  wpb_row td-pb-row\" >\n<style scoped>\n\/* custom css - generated by TagDiv Composer *\/\n\n\/* custom css - generated by TagDiv Composer *\/\n.tdi_2,\r\n                .tdi_2 .tdc-columns{\r\n                    min-height: 0;\r\n                }.tdi_2,\r\n\t\t\t\t.tdi_2 .tdc-columns{\r\n\t\t\t\t    display: block;\r\n\t\t\t\t}.tdi_2 .tdc-columns{\r\n\t\t\t\t    width: 100%;\r\n\t\t\t\t}.tdi_2:before,\r\n\t\t\t\t.tdi_2:after{\r\n\t\t\t\t    display: table;\r\n\t\t\t\t}\n<\/style><div class=\"vc_column tdi_4  wpb_column vc_column_container tdc-column td-pb-span12\">\n<style scoped>\n\/* custom css - generated by TagDiv Composer *\/\n\n\/* custom css - generated by TagDiv Composer *\/\n.tdi_4{\r\n                    vertical-align: baseline;\r\n                }.tdi_4 > .wpb_wrapper,\r\n\t\t\t\t.tdi_4 > .wpb_wrapper > .tdc-elements{\r\n\t\t\t\t    display: block;\r\n\t\t\t\t}.tdi_4 > .wpb_wrapper > .tdc-elements{\r\n\t\t\t\t    width: 100%;\r\n\t\t\t\t}.tdi_4 > .wpb_wrapper > .vc_row_inner{\r\n\t\t\t\t    width: auto;\r\n\t\t\t\t}.tdi_4 > .wpb_wrapper{\r\n\t\t\t\t    width: auto;\r\n\t\t\t\t    height: auto;\r\n\t\t\t\t}\n<\/style><div class=\"wpb_wrapper\" >\n\t<div class=\"wpb_text_column wpb_content_element\" >\n\t\t<div class=\"wpb_wrapper\">\n\t\t\t<p style=\"text-align: center;\"><strong>LISTA CU PREMIILE ASTR pe sec\u0163ii<\/strong><\/p>\n<ol>\n<li style=\"font-weight: 400;\">Sec\u0163ia Mecanic\u0103 Tehnic\u0103<\/li>\n<\/ol>\n<p style=\"font-weight: 400;\">&#8211;\u00a0<em>Constantin C. Teodorescu<\/em><\/p>\n<p style=\"font-weight: 400;\">&#8211; Gheorghe Sila\u015f<\/p>\n<ol start=\"2\">\n<li style=\"font-weight: 400;\">Sec\u0163ia Inginerie Mecanic\u0103<\/li>\n<\/ol>\n<p style=\"font-weight: 400;\">&#8211; Gheorghe Manea<\/p>\n<ol start=\"3\">\n<li style=\"font-weight: 400;\">Sec\u0163ia Electrotehnic\u0103 &#8211; Energetic\u0103<\/li>\n<\/ol>\n<p style=\"font-weight: 400;\">&#8211; Remus R\u0103dule\u0163<\/p>\n<p style=\"font-weight: 400;\">&#8211; \u015etefan Grosu<\/p>\n<ol start=\"4\">\n<li style=\"font-weight: 400;\">Sec\u0163ia Electronic\u0103 &#8211; Automatic\u0103<\/li>\n<\/ol>\n<p style=\"font-weight: 400;\">&#8211; Vasile C\u0103tuneanu<\/p>\n<ol start=\"5\">\n<li style=\"font-weight: 400;\">Sec\u0163ia Tehnologia Informa\u0163iei \u015fi Comunica\u0163ii.<\/li>\n<\/ol>\n<p style=\"font-weight: 400;\">Calculatoare \u015fi Telecomunica\u0163ii<\/p>\n<p style=\"font-weight: 400;\">&#8211; Sergiu Condrea<\/p>\n<p style=\"font-weight: 400;\">&#8211; Adrian \u2013 Cristian Petrescu<\/p>\n<ol start=\"6\">\n<li style=\"font-weight: 400;\">Sec\u0163ia Construc\u0163ii \u015fi Urbanism<\/li>\n<\/ol>\n<p style=\"font-weight: 400;\">&#8211; Mihai Hangan<\/p>\n<ol start=\"7\">\n<li style=\"font-weight: 400;\">Sec\u0163ia Ingineria Transporturilor<\/li>\n<\/ol>\n<p style=\"font-weight: 400;\">&#8211; Nicolae Manolescu<\/p>\n<ol start=\"8\">\n<li style=\"font-weight: 400;\">Sec\u0163ia Inginerie Chimic\u0103<\/li>\n<\/ol>\n<p style=\"font-weight: 400;\">&#8211; Emilian A. Bratu<\/p>\n<ol start=\"9\">\n<li style=\"font-weight: 400;\">Sec\u0163ia \u015etiin\u0163a \u015fi Ingineria Materialelor<\/li>\n<\/ol>\n<p style=\"font-weight: 400;\">&#8211; Traian Negrescu<\/p>\n<ol start=\"10\">\n<li style=\"font-weight: 400;\">Sec\u0163ia Ingineria Petrolului, Minelor \u015fi Geonomiei<\/li>\n<\/ol>\n<p style=\"font-weight: 400;\">&#8211; Iulian Gav\u0103t<\/p>\n<p style=\"font-weight: 400;\">&#8211; Gheorghe Claudiu Suciu<\/p>\n\n\t\t<\/div>\n\t<\/div>\n<\/div><\/div><\/div><\/div><\/div>","protected":false},"excerpt":{"rendered":"LISTA CU PREMIILE ASTR pe sec\u0163ii Sec\u0163ia Mecanic\u0103 Tehnic\u0103 -\u00a0Constantin C. Teodorescu - Gheorghe Sila\u015f Sec\u0163ia Inginerie Mecanic\u0103 - Gheorghe Manea Sec\u0163ia Electrotehnic\u0103 - Energetic\u0103 - Remus R\u0103dule\u0163 - \u015etefan Grosu Sec\u0163ia Electronic\u0103 - Automatic\u0103 - Vasile C\u0103tuneanu Sec\u0163ia Tehnologia Informa\u0163iei \u015fi Comunica\u0163ii. Calculatoare \u015fi Telecomunica\u0163ii - Sergiu Condrea - Adrian \u2013 Cristian Petrescu Sec\u0163ia [...]","protected":false},"author":8,"featured_media":0,"parent":0,"menu_order":0,"comment_status":"closed","ping_status":"closed","template":"","meta":{"footnotes":""},"class_list":["post-6388","page","type-page","status-publish"],"yoast_head":"<!-- This site is optimized with the Yoast SEO Premium plugin v20.7 (Yoast SEO v27.5) - https:\/\/yoast.com\/product\/yoast-seo-premium-wordpress\/ -->\n<title>Denumirile premiilor pe sec\u021bii - astr<\/title>\n<meta name=\"robots\" content=\"index, follow, max-snippet:-1, max-image-preview:large, max-video-preview:-1\" \/>\n<link rel=\"canonical\" href=\"https:\/\/work.astr.ro\/denumirile-premiilor-pe-sectii\/\" \/>\n<meta property=\"og:locale\" content=\"en_US\" \/>\n<meta property=\"og:type\" content=\"article\" \/>\n<meta property=\"og:title\" content=\"Denumirile premiilor pe sec\u021bii\" \/>\n<meta property=\"og:url\" content=\"https:\/\/work.astr.ro\/denumirile-premiilor-pe-sectii\/\" \/>\n<meta property=\"og:site_name\" content=\"astr\" \/>\n<meta property=\"article:modified_time\" content=\"2024-10-14T08:39:39+00:00\" \/>\n<meta name=\"twitter:card\" content=\"summary_large_image\" \/>\n<meta name=\"twitter:label1\" content=\"Est. reading time\" \/>\n\t<meta name=\"twitter:data1\" content=\"1 minute\" \/>\n<script type=\"application\/ld+json\" class=\"yoast-schema-graph\">{\"@context\":\"https:\\\/\\\/schema.org\",\"@graph\":[{\"@type\":\"WebPage\",\"@id\":\"https:\\\/\\\/work.astr.ro\\\/denumirile-premiilor-pe-sectii\\\/\",\"url\":\"https:\\\/\\\/work.astr.ro\\\/denumirile-premiilor-pe-sectii\\\/\",\"name\":\"Denumirile premiilor pe sec\u021bii - astr\",\"isPartOf\":{\"@id\":\"https:\\\/\\\/work.astr.ro\\\/#website\"},\"datePublished\":\"2024-02-13T14:00:59+00:00\",\"dateModified\":\"2024-10-14T08:39:39+00:00\",\"breadcrumb\":{\"@id\":\"https:\\\/\\\/work.astr.ro\\\/denumirile-premiilor-pe-sectii\\\/#breadcrumb\"},\"inLanguage\":\"en-US\",\"potentialAction\":[{\"@type\":\"ReadAction\",\"target\":[\"https:\\\/\\\/work.astr.ro\\\/denumirile-premiilor-pe-sectii\\\/\"]}]},{\"@type\":\"BreadcrumbList\",\"@id\":\"https:\\\/\\\/work.astr.ro\\\/denumirile-premiilor-pe-sectii\\\/#breadcrumb\",\"itemListElement\":[{\"@type\":\"ListItem\",\"position\":1,\"name\":\"Home\",\"item\":\"https:\\\/\\\/old.astr.ro\\\/\"},{\"@type\":\"ListItem\",\"position\":2,\"name\":\"Denumirile premiilor pe sec\u021bii\"}]},{\"@type\":\"WebSite\",\"@id\":\"https:\\\/\\\/work.astr.ro\\\/#website\",\"url\":\"https:\\\/\\\/work.astr.ro\\\/\",\"name\":\"astr\",\"description\":\"\",\"potentialAction\":[{\"@type\":\"SearchAction\",\"target\":{\"@type\":\"EntryPoint\",\"urlTemplate\":\"https:\\\/\\\/work.astr.ro\\\/?s={search_term_string}\"},\"query-input\":{\"@type\":\"PropertyValueSpecification\",\"valueRequired\":true,\"valueName\":\"search_term_string\"}}],\"inLanguage\":\"en-US\"}]}<\/script>\n<!-- \/ Yoast SEO Premium plugin. -->","yoast_head_json":{"title":"Denumirile premiilor pe sec\u021bii - astr","robots":{"index":"index","follow":"follow","max-snippet":"max-snippet:-1","max-image-preview":"max-image-preview:large","max-video-preview":"max-video-preview:-1"},"canonical":"https:\/\/work.astr.ro\/denumirile-premiilor-pe-sectii\/","og_locale":"en_US","og_type":"article","og_title":"Denumirile premiilor pe sec\u021bii","og_url":"https:\/\/work.astr.ro\/denumirile-premiilor-pe-sectii\/","og_site_name":"astr","article_modified_time":"2024-10-14T08:39:39+00:00","twitter_card":"summary_large_image","twitter_misc":{"Est. reading time":"1 minute"},"schema":{"@context":"https:\/\/schema.org","@graph":[{"@type":"WebPage","@id":"https:\/\/work.astr.ro\/denumirile-premiilor-pe-sectii\/","url":"https:\/\/work.astr.ro\/denumirile-premiilor-pe-sectii\/","name":"Denumirile premiilor pe sec\u021bii - astr","isPartOf":{"@id":"https:\/\/work.astr.ro\/#website"},"datePublished":"2024-02-13T14:00:59+00:00","dateModified":"2024-10-14T08:39:39+00:00","breadcrumb":{"@id":"https:\/\/work.astr.ro\/denumirile-premiilor-pe-sectii\/#breadcrumb"},"inLanguage":"en-US","potentialAction":[{"@type":"ReadAction","target":["https:\/\/work.astr.ro\/denumirile-premiilor-pe-sectii\/"]}]},{"@type":"BreadcrumbList","@id":"https:\/\/work.astr.ro\/denumirile-premiilor-pe-sectii\/#breadcrumb","itemListElement":[{"@type":"ListItem","position":1,"name":"Home","item":"https:\/\/old.astr.ro\/"},{"@type":"ListItem","position":2,"name":"Denumirile premiilor pe sec\u021bii"}]},{"@type":"WebSite","@id":"https:\/\/work.astr.ro\/#website","url":"https:\/\/work.astr.ro\/","name":"astr","description":"","potentialAction":[{"@type":"SearchAction","target":{"@type":"EntryPoint","urlTemplate":"https:\/\/work.astr.ro\/?s={search_term_string}"},"query-input":{"@type":"PropertyValueSpecification","valueRequired":true,"valueName":"search_term_string"}}],"inLanguage":"en-US"}]}},"_links":{"self":[{"href":"https:\/\/old.astr.ro\/en\/wp-json\/wp\/v2\/pages\/6388","targetHints":{"allow":["GET"]}}],"collection":[{"href":"https:\/\/old.astr.ro\/en\/wp-json\/wp\/v2\/pages"}],"about":[{"href":"https:\/\/old.astr.ro\/en\/wp-json\/wp\/v2\/types\/page"}],"author":[{"embeddable":true,"href":"https:\/\/old.astr.ro\/en\/wp-json\/wp\/v2\/users\/8"}],"replies":[{"embeddable":true,"href":"https:\/\/old.astr.ro\/en\/wp-json\/wp\/v2\/comments?post=6388"}],"version-history":[{"count":5,"href":"https:\/\/old.astr.ro\/en\/wp-json\/wp\/v2\/pages\/6388\/revisions"}],"predecessor-version":[{"id":6701,"href":"https:\/\/old.astr.ro\/en\/wp-json\/wp\/v2\/pages\/6388\/revisions\/6701"}],"wp:attachment":[{"href":"https:\/\/old.astr.ro\/en\/wp-json\/wp\/v2\/media?parent=6388"}],"curies":[{"name":"wp","href":"https:\/\/api.w.org\/{rel}","templated":true}]}}