{"id":35,"date":"2018-06-11T12:07:55","date_gmt":"2018-06-11T12:07:55","guid":{"rendered":"http:\/\/centruldecalcul.ro\/astr\/?page_id=35"},"modified":"2025-06-26T16:37:55","modified_gmt":"2025-06-26T13:37:55","slug":"contact","status":"publish","type":"page","link":"https:\/\/old.astr.ro\/en\/contact\/","title":{"rendered":"Contact"},"content":{"rendered":"<div class=\"wpb-content-wrapper\"><div id=\"tdi_1\" class=\"tdc-row\"><div class=\"vc_row tdi_2  wpb_row td-pb-row\" >\n<style scoped>\n\/* custom css - generated by TagDiv Composer *\/\n\n\/* custom css - generated by TagDiv Composer *\/\n.tdi_2,\r\n                .tdi_2 .tdc-columns{\r\n                    min-height: 0;\r\n                }.tdi_2,\r\n\t\t\t\t.tdi_2 .tdc-columns{\r\n\t\t\t\t    display: block;\r\n\t\t\t\t}.tdi_2 .tdc-columns{\r\n\t\t\t\t    width: 100%;\r\n\t\t\t\t}.tdi_2:before,\r\n\t\t\t\t.tdi_2:after{\r\n\t\t\t\t    display: table;\r\n\t\t\t\t}\n<\/style><div class=\"vc_column tdi_4  wpb_column vc_column_container tdc-column td-pb-span12\">\n<style scoped>\n\/* custom css - generated by TagDiv Composer *\/\n\n\/* custom css - generated by TagDiv Composer *\/\n.tdi_4{\r\n                    vertical-align: baseline;\r\n                }.tdi_4 > .wpb_wrapper,\r\n\t\t\t\t.tdi_4 > .wpb_wrapper > .tdc-elements{\r\n\t\t\t\t    display: block;\r\n\t\t\t\t}.tdi_4 > .wpb_wrapper > .tdc-elements{\r\n\t\t\t\t    width: 100%;\r\n\t\t\t\t}.tdi_4 > .wpb_wrapper > .vc_row_inner{\r\n\t\t\t\t    width: auto;\r\n\t\t\t\t}.tdi_4 > .wpb_wrapper{\r\n\t\t\t\t    width: auto;\r\n\t\t\t\t    height: auto;\r\n\t\t\t\t}\n<\/style><div class=\"wpb_wrapper\" >\n\t<div class=\"wpb_text_column wpb_content_element\" >\n\t\t<div class=\"wpb_wrapper\">\n\t\t\t<h4 dir=\"ltr\" style=\"text-align: center;\"><strong><i>Anun\u021b important!\u00a0<\/i><\/strong><\/h4>\n<div dir=\"ltr\" style=\"text-align: center;\"><i>V\u0103 inform\u0103m c\u0103 valoarea anual\u0103 a cotiza\u021biei de membru, titular sau corespondent,\u00a0este de 250 lei.<\/i><\/div>\n<div dir=\"ltr\" style=\"text-align: center;\"><i>Plata poate fi efectuata in contul ASTR: RO43RNCB0072049713720001, deschis la Banca Comercial\u0103 Rom\u00e2n\u0103, sau prin retinere din indemnizatie, in baza unei cereri.<br \/>\n<\/i><\/div>\n<div dir=\"ltr\" style=\"text-align: center;\"><i>\u00a0<\/i><\/div>\n<div dir=\"ltr\" style=\"text-align: center;\"><i><span style=\"font-size: medium;\">Multumesc.<\/span><\/i><\/div>\n<div style=\"text-align: center;\"><\/div>\n<div style=\"text-align: center;\">Cu deosebita stima,<\/div>\n<div style=\"text-align: center;\">\n<div>Director economic,<\/div>\n<div style=\"text-align: center;\">Nicolae Bulate<\/div>\n<\/div>\n\n\t\t<\/div>\n\t<\/div>\n<\/div><\/div><\/div><\/div><div id=\"tdi_5\" class=\"tdc-row\"><div class=\"vc_row tdi_6  wpb_row td-pb-row\" >\n<style scoped>\n\/* custom css - generated by TagDiv Composer *\/\n\n\/* custom css - generated by TagDiv Composer *\/\n.tdi_6,\r\n                .tdi_6 .tdc-columns{\r\n                    min-height: 0;\r\n                }.tdi_6,\r\n\t\t\t\t.tdi_6 .tdc-columns{\r\n\t\t\t\t    display: block;\r\n\t\t\t\t}.tdi_6 .tdc-columns{\r\n\t\t\t\t    width: 100%;\r\n\t\t\t\t}.tdi_6:before,\r\n\t\t\t\t.tdi_6:after{\r\n\t\t\t\t    display: table;\r\n\t\t\t\t}\n<\/style><div class=\"vc_column tdi_8  wpb_column vc_column_container tdc-column td-pb-span12\">\n<style scoped>\n\/* custom css - generated by TagDiv Composer *\/\n\n\/* custom css - generated by TagDiv Composer *\/\n.tdi_8{\r\n                    vertical-align: baseline;\r\n                }.tdi_8 > .wpb_wrapper,\r\n\t\t\t\t.tdi_8 > .wpb_wrapper > .tdc-elements{\r\n\t\t\t\t    display: block;\r\n\t\t\t\t}.tdi_8 > .wpb_wrapper > .tdc-elements{\r\n\t\t\t\t    width: 100%;\r\n\t\t\t\t}.tdi_8 > .wpb_wrapper > .vc_row_inner{\r\n\t\t\t\t    width: auto;\r\n\t\t\t\t}.tdi_8 > .wpb_wrapper{\r\n\t\t\t\t    width: auto;\r\n\t\t\t\t    height: auto;\r\n\t\t\t\t}\n<\/style><div class=\"wpb_wrapper\" ><div class=\"wpb_gmaps_widget wpb_content_element\"><div class=\"wpb_wrapper\"><div class=\"wpb_map_wraper\"><iframe loading=\"lazy\" src=\"https:\/\/www.google.com\/maps\/embed?pb=!1m18!1m12!1m3!1d1424.1680152190186!2d26.097008258066495!3d44.44678040960893!2m3!1f0!2f0!3f0!3m2!1i1024!2i768!4f13.1!3m3!1m2!1s0x40b1ff52713183d3%3A0x9038471e65017980!2sBulevardul+Dacia+26%2C+Bucure%C8%99ti+030167!5e0!3m2!1sro!2sro!4v1531307117628\" width=\"600\" height=\"450\" frameborder=\"0\" style=\"border:0\" allowfullscreen><\/iframe><\/div><\/div><\/div><\/div><\/div><\/div><\/div><\/div>","protected":false},"excerpt":{"rendered":"Anun\u021b important!\u00a0 V\u0103 inform\u0103m c\u0103 valoarea anual\u0103 a cotiza\u021biei de membru, titular sau corespondent,\u00a0este de 250 lei. Plata poate fi efectuata in contul ASTR: RO43RNCB0072049713720001, deschis la Banca Comercial\u0103 Rom\u00e2n\u0103, sau prin retinere din indemnizatie, in baza unei cereri. \u00a0 Multumesc. Cu deosebita stima, Director economic, Nicolae Bulate","protected":false},"author":8,"featured_media":0,"parent":0,"menu_order":0,"comment_status":"closed","ping_status":"closed","template":"","meta":{"footnotes":""},"class_list":["post-35","page","type-page","status-publish"],"yoast_head":"<!-- This site is optimized with the Yoast SEO Premium plugin v20.7 (Yoast SEO v27.5) - https:\/\/yoast.com\/product\/yoast-seo-premium-wordpress\/ -->\n<title>Contact - astr<\/title>\n<meta name=\"robots\" content=\"index, follow, max-snippet:-1, max-image-preview:large, max-video-preview:-1\" \/>\n<link rel=\"canonical\" href=\"https:\/\/work.astr.ro\/contact\/\" \/>\n<meta property=\"og:locale\" content=\"en_US\" \/>\n<meta property=\"og:type\" content=\"article\" \/>\n<meta property=\"og:title\" content=\"Contact\" \/>\n<meta property=\"og:url\" content=\"https:\/\/work.astr.ro\/contact\/\" \/>\n<meta property=\"og:site_name\" content=\"astr\" \/>\n<meta property=\"article:modified_time\" content=\"2025-06-26T13:37:55+00:00\" \/>\n<meta name=\"twitter:card\" content=\"summary_large_image\" \/>\n<meta name=\"twitter:label1\" content=\"Est. reading time\" \/>\n\t<meta name=\"twitter:data1\" content=\"1 minute\" \/>\n<script type=\"application\/ld+json\" class=\"yoast-schema-graph\">{\"@context\":\"https:\\\/\\\/schema.org\",\"@graph\":[{\"@type\":\"WebPage\",\"@id\":\"https:\\\/\\\/work.astr.ro\\\/contact\\\/\",\"url\":\"https:\\\/\\\/work.astr.ro\\\/contact\\\/\",\"name\":\"Contact - astr\",\"isPartOf\":{\"@id\":\"https:\\\/\\\/work.astr.ro\\\/#website\"},\"datePublished\":\"2018-06-11T12:07:55+00:00\",\"dateModified\":\"2025-06-26T13:37:55+00:00\",\"breadcrumb\":{\"@id\":\"https:\\\/\\\/work.astr.ro\\\/contact\\\/#breadcrumb\"},\"inLanguage\":\"en-US\",\"potentialAction\":[{\"@type\":\"ReadAction\",\"target\":[\"https:\\\/\\\/work.astr.ro\\\/contact\\\/\"]}]},{\"@type\":\"BreadcrumbList\",\"@id\":\"https:\\\/\\\/work.astr.ro\\\/contact\\\/#breadcrumb\",\"itemListElement\":[{\"@type\":\"ListItem\",\"position\":1,\"name\":\"Home\",\"item\":\"https:\\\/\\\/old.astr.ro\\\/\"},{\"@type\":\"ListItem\",\"position\":2,\"name\":\"Contact\"}]},{\"@type\":\"WebSite\",\"@id\":\"https:\\\/\\\/work.astr.ro\\\/#website\",\"url\":\"https:\\\/\\\/work.astr.ro\\\/\",\"name\":\"astr\",\"description\":\"\",\"potentialAction\":[{\"@type\":\"SearchAction\",\"target\":{\"@type\":\"EntryPoint\",\"urlTemplate\":\"https:\\\/\\\/work.astr.ro\\\/?s={search_term_string}\"},\"query-input\":{\"@type\":\"PropertyValueSpecification\",\"valueRequired\":true,\"valueName\":\"search_term_string\"}}],\"inLanguage\":\"en-US\"}]}<\/script>\n<!-- \/ Yoast SEO Premium plugin. -->","yoast_head_json":{"title":"Contact - astr","robots":{"index":"index","follow":"follow","max-snippet":"max-snippet:-1","max-image-preview":"max-image-preview:large","max-video-preview":"max-video-preview:-1"},"canonical":"https:\/\/work.astr.ro\/contact\/","og_locale":"en_US","og_type":"article","og_title":"Contact","og_url":"https:\/\/work.astr.ro\/contact\/","og_site_name":"astr","article_modified_time":"2025-06-26T13:37:55+00:00","twitter_card":"summary_large_image","twitter_misc":{"Est. reading time":"1 minute"},"schema":{"@context":"https:\/\/schema.org","@graph":[{"@type":"WebPage","@id":"https:\/\/work.astr.ro\/contact\/","url":"https:\/\/work.astr.ro\/contact\/","name":"Contact - astr","isPartOf":{"@id":"https:\/\/work.astr.ro\/#website"},"datePublished":"2018-06-11T12:07:55+00:00","dateModified":"2025-06-26T13:37:55+00:00","breadcrumb":{"@id":"https:\/\/work.astr.ro\/contact\/#breadcrumb"},"inLanguage":"en-US","potentialAction":[{"@type":"ReadAction","target":["https:\/\/work.astr.ro\/contact\/"]}]},{"@type":"BreadcrumbList","@id":"https:\/\/work.astr.ro\/contact\/#breadcrumb","itemListElement":[{"@type":"ListItem","position":1,"name":"Home","item":"https:\/\/old.astr.ro\/"},{"@type":"ListItem","position":2,"name":"Contact"}]},{"@type":"WebSite","@id":"https:\/\/work.astr.ro\/#website","url":"https:\/\/work.astr.ro\/","name":"astr","description":"","potentialAction":[{"@type":"SearchAction","target":{"@type":"EntryPoint","urlTemplate":"https:\/\/work.astr.ro\/?s={search_term_string}"},"query-input":{"@type":"PropertyValueSpecification","valueRequired":true,"valueName":"search_term_string"}}],"inLanguage":"en-US"}]}},"_links":{"self":[{"href":"https:\/\/old.astr.ro\/en\/wp-json\/wp\/v2\/pages\/35","targetHints":{"allow":["GET"]}}],"collection":[{"href":"https:\/\/old.astr.ro\/en\/wp-json\/wp\/v2\/pages"}],"about":[{"href":"https:\/\/old.astr.ro\/en\/wp-json\/wp\/v2\/types\/page"}],"author":[{"embeddable":true,"href":"https:\/\/old.astr.ro\/en\/wp-json\/wp\/v2\/users\/8"}],"replies":[{"embeddable":true,"href":"https:\/\/old.astr.ro\/en\/wp-json\/wp\/v2\/comments?post=35"}],"version-history":[{"count":7,"href":"https:\/\/old.astr.ro\/en\/wp-json\/wp\/v2\/pages\/35\/revisions"}],"predecessor-version":[{"id":6951,"href":"https:\/\/old.astr.ro\/en\/wp-json\/wp\/v2\/pages\/35\/revisions\/6951"}],"wp:attachment":[{"href":"https:\/\/old.astr.ro\/en\/wp-json\/wp\/v2\/media?parent=35"}],"curies":[{"name":"wp","href":"https:\/\/api.w.org\/{rel}","templated":true}]}}